{"id":35,"date":"2025-03-23T14:20:12","date_gmt":"2025-03-23T14:20:12","guid":{"rendered":"https:\/\/www.drentsebonduitvaartverenigingen.nl\/?page_id=35"},"modified":"2025-03-23T14:20:12","modified_gmt":"2025-03-23T14:20:12","slug":"actuarieel-rapport","status":"publish","type":"page","link":"https:\/\/www.drentsebonduitvaartverenigingen.nl\/?page_id=35","title":{"rendered":"Actuarieel rapport"},"content":{"rendered":"\n<p>De verenigingen dienen wettelijk aan bepaalde financi\u00eble eisen te voldoen en dienen ten minste \u00e9\u00e9n maal per drie jaar een actuarieel rapport op te laten maken. De Drentse Bond heeft in deze naast een controlerende ook zo nodig een coachende functie.<\/p>\n\n\n\n<p><\/p>\n","protected":false},"excerpt":{"rendered":"<p>De verenigingen dienen wettelijk aan bepaalde financi\u00eble eisen te voldoen en dienen ten minste \u00e9\u00e9n maal per drie jaar een actuarieel rapport op te laten maken. De Drentse Bond heeft in deze naast een controlerende ook zo nodig een coachende functie.<\/p>\n","protected":false},"author":2,"featured_media":0,"parent":0,"menu_order":0,"comment_status":"closed","ping_status":"closed","template":"","meta":{"footnotes":""},"class_list":["post-35","page","type-page","status-publish"],"_links":{"self":[{"href":"https:\/\/www.drentsebonduitvaartverenigingen.nl\/index.php?rest_route=\/wp\/v2\/pages\/35","targetHints":{"allow":["GET"]}}],"collection":[{"href":"https:\/\/www.drentsebonduitvaartverenigingen.nl\/index.php?rest_route=\/wp\/v2\/pages"}],"about":[{"href":"https:\/\/www.drentsebonduitvaartverenigingen.nl\/index.php?rest_route=\/wp\/v2\/types\/page"}],"author":[{"embeddable":true,"href":"https:\/\/www.drentsebonduitvaartverenigingen.nl\/index.php?rest_route=\/wp\/v2\/users\/2"}],"replies":[{"embeddable":true,"href":"https:\/\/www.drentsebonduitvaartverenigingen.nl\/index.php?rest_route=%2Fwp%2Fv2%2Fcomments&post=35"}],"version-history":[{"count":1,"href":"https:\/\/www.drentsebonduitvaartverenigingen.nl\/index.php?rest_route=\/wp\/v2\/pages\/35\/revisions"}],"predecessor-version":[{"id":36,"href":"https:\/\/www.drentsebonduitvaartverenigingen.nl\/index.php?rest_route=\/wp\/v2\/pages\/35\/revisions\/36"}],"wp:attachment":[{"href":"https:\/\/www.drentsebonduitvaartverenigingen.nl\/index.php?rest_route=%2Fwp%2Fv2%2Fmedia&parent=35"}],"curies":[{"name":"wp","href":"https:\/\/api.w.org\/{rel}","templated":true}]}}